{"id":13523,"date":"2024-02-17T19:04:54","date_gmt":"2024-02-17T18:04:54","guid":{"rendered":"https:\/\/confraternel.fr\/\/\/\/\/\/\/\/\/?page_id=13523"},"modified":"2024-03-30T18:57:50","modified_gmt":"2024-03-30T17:57:50","slug":"a-propos","status":"publish","type":"page","link":"https:\/\/confraternel.fr\/index.php\/a-propos\/","title":{"rendered":"A PROPOS"},"content":{"rendered":"\n<div class=\"wp-block-group has-global-padding is-layout-constrained wp-block-group-is-layout-constrained\">\n<p class=\"has-text-align-center has-large-font-size\">Qui sommes nous ?<br><\/p>\n\n\n\n<p>Confraternel rassemble des praticiens convaincus que les conseils d&rsquo;un confr\u00e8re d\u00e9sint\u00e9ress\u00e9 peuvent profiter aux autres.<br>Cette v\u00e9rit\u00e9 se v\u00e9rifie dans notre formation, l&rsquo;interne enseigne l&rsquo;externe, le chef transmet \u00e0 l&rsquo;interne et le patron devrait irradier vers tous.<br>Ce qui est vrai pour l&rsquo;exercice m\u00e9dical l&rsquo;est encore plus pour pour la gestion de notre patrimoine. <br>Nous poss\u00e9dons chacun une passion. ou exp\u00e9rience personnelle dans la gestion de patrimoine, certains connaissent la fiscalit\u00e9, d&rsquo;autres l\u2019immobilier, la bourse etc&#8230;<br>La finamit\u00e9 est de partager avec ses confr\u00e8res ses modestes connaissances avec altruisme.<br><\/p>\n\n\n\n<p class=\"has-text-align-center has-large-font-size\">Pour quoi faire ?<br><\/p>\n\n\n\n<p>Le m\u00e9decin dispose de peu de temps libre et est enclin \u00e0 \u00eatre \u00e9merveill\u00e9 par les gestionnaires de patrimoine qui proposent des montages absconses avec des d\u00e9fiscalisation merveilleuses.<br>Ces bons tuyaux permettent d&rsquo;acqu\u00e9rir des parts d&rsquo;un bateau aux Antilles que l&rsquo;on ne verra jamais, d&rsquo;investir dans un h\u00f4tel \u00e0 saint -martin qui ne sortira pas de terre.<br>\u00c9chaud\u00e9 par ces fausses promesses propos\u00e9es par des conseils en gestion de patrimoine peu scrupuleux vous vous tournez vers votre banquier, en qui vous avez confiance, qui vous propose des dispositifs aussi calamiteux des sicav action dans votre assurance vie qui font beaucoup plus mal que le CAC 40 avec de surcroit de gros frais de gestion, des loi Malraux requalifi\u00e9es etc&#8230;<br>Les conseils d\u00e9sint\u00e9ress\u00e9s des confr\u00e8res peuvent \u00e9viter ces co\u00fbteuses d\u00e9sillusions financi\u00e8res<br><\/p>\n\n\n\n<p class=\"has-large-font-size\">Pourquoi sommes nous des pigeons tr\u00e8s appr\u00e9ci\u00e9s par les commerciaux ?<br><\/p>\n\n\n\n<p>Nous avons \u00e9t\u00e9 tous recrut\u00e9s form\u00e9s de la m\u00eame mani\u00e8re par le numerus clausus instaur\u00e9 en 1972, aucun m\u00e9decin qui a \u00e9tudi\u00e9 en France a \u00e9t\u00e9 s\u00e9lectionn\u00e9 autrement.<br>Cette formation nous formate pour faire des journ\u00e9es de travail  \u00e0 rallonge,  avec pendant les temps libres des t\u00e2ches administratives de plus en plus chronophages  invent\u00e9s par des administratifs qui phagocytent goul\u00fbment 40% du budget de la sant\u00e9.<br>Notre activit\u00e9 ne laisse gu\u00e8re de temps pour r\u00e9fl\u00e9chir et g\u00e9rer son patrimoine, ce qui nous rend vuln\u00e9rable et \u00e0 la merci des aigrefins.<br><\/p>\n\n\n\n<p class=\"has-text-align-center has-large-font-size\">Que peut nous apporter confraternel ?<br><\/p>\n\n\n\n<p>Nous vous d\u00e9taillons des strat\u00e9gies qu&rsquo;un membre de l&rsquo;\u00e9quipe la conna\u00eet parfaitement en n&rsquo;omettant pas de vous informer sur les avantages et surtout sur les inconv\u00e9nients souvent mis de c\u00f4t\u00e9 par ceux qui commercialisent des &lsquo;\u00a0\u00bbmontages\u00a0\u00bb.<br>Nous nous n&rsquo;avons rien \u00e0 vendre mais pouvons vous mettre en relations avec des experts-comptables, avocats, gestionnaires de patrimoine en qui nous avons confiance.<br><\/p>\n\n\n\n<p class=\"has-text-align-center has-large-font-size\">Comment fonctionnons nous?<br><\/p>\n\n\n\n<p>Les articles sont volontairement courts mais avec une bibliographie officielle : articles de lois, mise aux point de administration fiscale, cabinets d&rsquo;avocats reconnus etc&#8230; <br>Pour que nos partenaires puissent vous aider vous devez nous \u00e9crire \u00e0 : contact@confraternel.fr.<br>Nous vous invitons  \u00e0 nous signaler les contenus peu clairs, voire \u00e0 poser des questions, nous publierons la r\u00e9ponse si l&rsquo;interrogation pr\u00e9sente un int\u00e9r\u00eat-g\u00e9n\u00e9ral.<\/p>\n\n\n\n<p class=\"has-large-font-size\"><br>Nous serions heureux que vous participiez \u00e0 la r\u00e9daction d&rsquo;articles en nous contactant \u00e0 :  contact@confrternel.fr<br><\/p>\n\n\n\n<p class=\"has-text-align-center has-large-font-size\">Pourquoi ne pas publier de rubrique commentaires ou questions r\u00e9ponses en temps r\u00e9el?<br><\/p>\n\n\n\n<p>La premi\u00e8re raison est \u00e9vidente nous ne vendons rien et d&rsquo;autre part nous mettons \u00e0 jour le site pendant nos rares heures de loisirs qui sont rares, d\u2019o\u00f9 l&rsquo;impossibilit\u00e9 de r\u00e9pondre \u00e0 toutes les demandes n&rsquo;importe quand.<br>Secundo les intervenants ext\u00e9rieurs qui r\u00e9pondent en temps r\u00e9el colportent parfois des b\u00eatises  \u00ab\u00a0Celui qui ne sait pas parle et celui qui sait se tait.\u00a0\u00bb<br>Enfin vous pouvez soumettre vos situation personnelle aux juristes et comptables agr\u00e9\u00e9s par le site en \u00e9crivant \u00e0 contact@confrternel.fr<\/p>\n<\/div>\n","protected":false},"excerpt":{"rendered":"<p>Qui sommes nous ? Confraternel rassemble des praticiens convaincus que les conseils d&rsquo;un confr\u00e8re d\u00e9sint\u00e9ress\u00e9 peuvent profiter aux autres.Cette v\u00e9rit\u00e9 se v\u00e9rifie dans notre formation, l&rsquo;interne enseigne l&rsquo;externe, le chef transmet \u00e0 l&rsquo;interne et le patron devrait irradier vers tous.Ce qui est vrai pour l&rsquo;exercice m\u00e9dical l&rsquo;est encore plus pour pour la gestion de notre [&hellip;]<\/p>\n","protected":false},"author":1,"featured_media":0,"parent":0,"menu_order":0,"comment_status":"closed","ping_status":"closed","template":"","meta":{"footnotes":""},"_links":{"self":[{"href":"https:\/\/confraternel.fr\/index.php\/wp-json\/wp\/v2\/pages\/13523"}],"collection":[{"href":"https:\/\/confraternel.fr\/index.php\/wp-json\/wp\/v2\/pages"}],"about":[{"href":"https:\/\/confraternel.fr\/index.php\/wp-json\/wp\/v2\/types\/page"}],"author":[{"embeddable":true,"href":"https:\/\/confraternel.fr\/index.php\/wp-json\/wp\/v2\/users\/1"}],"replies":[{"embeddable":true,"href":"https:\/\/confraternel.fr\/index.php\/wp-json\/wp\/v2\/comments?post=13523"}],"version-history":[{"count":12,"href":"https:\/\/confraternel.fr\/index.php\/wp-json\/wp\/v2\/pages\/13523\/revisions"}],"predecessor-version":[{"id":13541,"href":"https:\/\/confraternel.fr\/index.php\/wp-json\/wp\/v2\/pages\/13523\/revisions\/13541"}],"wp:attachment":[{"href":"https:\/\/confraternel.fr\/index.php\/wp-json\/wp\/v2\/media?parent=13523"}],"curies":[{"name":"wp","href":"https:\/\/api.w.org\/{rel}","templated":true}]}}